{"id":134,"date":"2020-10-13T05:57:30","date_gmt":"2020-10-13T08:57:30","guid":{"rendered":"https:\/\/industriaskripytoniano.com\/?page_id=134"},"modified":"2021-01-30T15:38:37","modified_gmt":"2021-01-30T14:38:37","slug":"downloads","status":"publish","type":"page","link":"https:\/\/grch.pro\/albioteste\/downloads\/","title":{"rendered":"DOWNLOADS"},"content":{"rendered":"<div id=\"pl-134\"  class=\"panel-layout\" ><div id=\"pg-134-0\"  class=\"panel-grid panel-no-style\" ><div id=\"pgc-134-0-0\"  class=\"panel-grid-cell\" ><div id=\"panel-134-0-0-0\" class=\"so-panel widget widget_black-studio-tinymce widget_black_studio_tinymce panel-first-child panel-last-child\" data-index=\"0\" ><div class=\"textwidget\"><p><a id=\"no-link\" href=\"https:\/\/grch.pro\/albioteste\/\" onmouseover=\"inicio()\" onmouseleave=\"silenciar()\"><img decoding=\"async\" class=\"alignleft\" src=\"https:\/\/grch.pro\/albioteste\/wp-content\/uploads\/2020\/12\/Jarvis-home-jarvis.png\" \/><\/a><br \/>\n&nbsp;<br \/>\n<a id=\"no-link\" href=\"https:\/\/grch.pro\/albioteste\/sobre\/\" onmouseover=\"jarviz()\" onmouseleave=\"silenciar()\"><img decoding=\"async\" class=\"alignleft\" src=\"https:\/\/grch.pro\/albioteste\/wp-content\/uploads\/2020\/12\/Jarvis-JARVIS-jarvis.png\" \/><\/a><br \/>\n&nbsp;<br \/>\n<a id=\"no-link\" href=\"https:\/\/grch.pro\/albioteste\/downloads\/\" onmouseover=\"baixar()\" onmouseleave=\"silenciar()\"><img decoding=\"async\" class=\"alignleft\" src=\"https:\/\/grch.pro\/albioteste\/wp-content\/uploads\/2020\/12\/Jarvis-Scarica-jarvis.png\" \/><\/a><br \/>\n&nbsp;<br \/>\n<a id=\"no-link\" href=\"https:\/\/grch.pro\/albioteste\/mobile\/\" onmouseover=\"mobile()\" onmouseleave=\"silenciar()\"><img decoding=\"async\" class=\"alignleft\" src=\"https:\/\/grch.pro\/albioteste\/wp-content\/uploads\/2020\/12\/Jarvis-MOBILE-jarvis.png\" \/><\/a><br \/>\n&nbsp;<br \/>\n<a id=\"no-link\" href=\"https:\/\/grch.pro\/albioteste\/vozes\/\" onmouseover=\"vozes()\" onmouseleave=\"silenciar()\"><img decoding=\"async\" class=\"alignleft\" src=\"https:\/\/grch.pro\/albioteste\/wp-content\/uploads\/2020\/12\/Jarvis-VOCI-jarvis.png\" \/><\/a><br \/>\n&nbsp;<br \/>\n<a id=\"no-link\" href=\"https:\/\/grch.pro\/albioteste\/links\/\" onmouseover=\"linkz()\" onmouseleave=\"silenciar()\"><img decoding=\"async\" class=\"alignleft\" src=\"https:\/\/grch.pro\/albioteste\/wp-content\/uploads\/2020\/12\/Jarvis-LINKS-jarvis.png\" \/><\/a><br \/>\n&nbsp;<br \/>\n<a id=\"no-link\" href=\"https:\/\/grch.pro\/albioteste\/contato\/\" onmouseover=\"contato()\" onmouseleave=\"silenciar()\"><img decoding=\"async\" class=\"alignleft\" src=\"https:\/\/grch.pro\/albioteste\/wp-content\/uploads\/2020\/12\/Jarvis-CONTATTO-jarvis.png\" \/><\/a><br \/>\n&nbsp;<br \/>\n<a id=\"no-link\" href=\"https:\/\/grch.pro\/albioteste\/istruzione\/\" onmouseover=\"istruzione()\" onmouseleave=\"silenciar()\"><img decoding=\"async\" class=\"alignleft\" src=\"https:\/\/grch.pro\/albioteste\/wp-content\/uploads\/2021\/01\/Jarvis-istruzione-jarvis.png\" \/><\/a><\/p>\n<\/div><\/div><\/div><div id=\"pgc-134-0-1\"  class=\"panel-grid-cell\" ><div class=\"centro_ panel-cell-style panel-cell-style-for-134-0-1\" ><div id=\"panel-134-0-1-0\" class=\"so-panel widget widget_black-studio-tinymce widget_black_studio_tinymce panel-first-child panel-last-child\" data-index=\"1\" ><div class=\"textwidget\"><h3 onmouseover=\"textodownloads()\" onmouseleave=\"silenciar()\">Downloads DJ. J.A.R.V.I.S. AM.<\/h3>\n<h5 onmouseover=\"textodownloads()\" onmouseleave=\"silenciar()\">Attualmente, il progetto <span style=\"color: #ff6600;\">DJ. J.A.R.V.I.S. AM.<\/span>,  ha 3 versioni. 2 disponibili al pubblico e 1 il Jarvis I.O.T. riservata a installatori specializzati. Jarvis continua in evoluzione delle funzioni, cos\u00ec come linterattivit\u00e0 con gli esseri umani. Lassistente pi\u00f9 famoso di Internet pu\u00f2 ancora essere sultuo computer oggi, aiutandoti nelle pi\u00f9 diverse attivit\u00e0 quotidiane. Controlla di seguito le opzioni per il download. Solo le versioni a pagamento hanno il 100% di riconoscimento italiano. La versione DEMO capisce l'italiano<\/h5>\n<hr \/>\n<p><div class=\"row\"> <div class=\"col-md-4\"><br \/>\n<center><a id=\"no-link\" onmouseover=\"textofree()\" onmouseleave=\"silenciar()\" href=\"https:\/\/grch.pro\/albioteste\/produto\/dj-jarvis-am-free\/\" target=\"_blank\"><img decoding=\"async\" class=\"aligncenter size-full pulses\" src=\"https:\/\/grch.pro\/albioteste\/wp-content\/uploads\/2020\/10\/Jarvis-Free-EditionC.png\" alt=\"\" \/><\/a><\/center><br \/>\n<center><\/p>\n<h5 onmouseover=\"textofree()\" onmouseleave=\"silenciar()\" href=\"https:\/\/grch.pro\/albioteste\/produto\/dj-jarvis-am-free\/\" target=\"_blank\" style=\"text-align: center; \">JARVIS Free Edition<\/h5>\n<p><\/center><br \/>\n<\/div><div class=\"col-md-4\"><br \/>\n<center><a id=\"no-link\" onmouseover=\"textopro()\" onmouseleave=\"silenciar()\" href=\"https:\/\/grch.pro\/albioteste\/loja\/\" target=\"_blank\"><img decoding=\"async\" class=\"aligncenter size-full pulses\" src=\"https:\/\/grch.pro\/albioteste\/wp-content\/uploads\/2020\/10\/Jarvis-Dark-EditionC.png\" alt=\"\" \/><\/a><\/center><br \/>\n<center><\/p>\n<h5 onmouseover=\"textopro()\" onmouseleave=\"silenciar()\" href=\"https:\/\/grch.pro\/albioteste\/loja\/\" target=\"_blank\" style=\"text-align: center; \">JARVIS Pro Dark Edition<\/h5>\n<p><\/center><br \/>\n<\/div><div class=\"col-md-4\"><br \/>\n<center><a id=\"no-link\" onmouseover=\"textoiot()\" onmouseleave=\"silenciar()\" href=\"https:\/\/grch.pro\/albioteste\/produto\/dj-jarvis-am-iot-edition\/\" target=\"_blank\"><img decoding=\"async\" class=\"aligncenter size-full pulses\" src=\"https:\/\/grch.pro\/albioteste\/wp-content\/uploads\/2020\/10\/Jarvis-Iot-EditionC.png\" alt=\"\" \/><\/a><\/center><br \/>\n<center><\/p>\n<h5 onmouseover=\"textoiot()\" onmouseleave=\"silenciar()\" href=\"https:\/\/grch.pro\/albioteste\/produto\/dj-jarvis-am-iot-edition\/\" target=\"_blank\" style=\"text-align: center; \">JARVIS Pro I.O.T. Edition<\/h5>\n<p><\/center><br \/>\n<\/div><\/div><\/p>\n<hr \/>\n<p><script language=JavaScript>\n<!--\nvar mensagem=\"\";\nfunction clickIE() {if (document.all) {(mensagem);return false;}}\nfunction clickNS(e) {if \n(document.layers||(document.getElementById&&!document.all)) {\nif (e.which==2||e.which==3) {(mensagem);return false;}}}\nif (document.layers) \n{document.captureEvents(Event.MOUSEDOWN);document.onmousedown=clickNS;}\nelse{document.onmouseup=clickNS;document.oncontextmenu=clickIE;}\ndocument.oncontextmenu=new Function(\"return false\")\n\/\/ --> \n<\/script><br \/>\n<Body onselectstart=\"return false\"><\/p>\n<\/div><\/div><\/div><\/div><div id=\"pgc-134-0-2\"  class=\"panel-grid-cell\" ><div id=\"panel-134-0-2-0\" class=\"so-panel widget widget_black-studio-tinymce widget_black_studio_tinymce panel-first-child panel-last-child\" data-index=\"2\" ><div class=\"textwidget\"><p><a id=\"no-link\" href=\"https:\/\/grch.pro\/albioteste\/tutoriais\/\" onmouseover=\"tutoriais()\" onmouseleave=\"silenciar()\"><img decoding=\"async\" class=\"alignright\" src=\"https:\/\/grch.pro\/albioteste\/wp-content\/uploads\/2020\/12\/Jarvis-TUTORIAL-jarvis.png\" alt=\"\" \/><\/a><br \/>\n&nbsp;<br \/>\n<a id=\"no-link\" href=\"https:\/\/grch.pro\/albioteste\/manuais\" onmouseover=\"manuais()\" onmouseleave=\"silenciar()\"><img decoding=\"async\" class=\"alignright\" src=\"https:\/\/grch.pro\/albioteste\/wp-content\/uploads\/2020\/12\/Jarvis-MANUALI-jarvis.png\" \/><\/a><br \/>\n&nbsp;<br \/>\n<a id=\"no-link\" href=\"https:\/\/grch.pro\/albioteste\/automacao\/\" onmouseover=\"automacao()\" onmouseleave=\"silenciar()\"><img decoding=\"async\" class=\"alignright\" src=\"https:\/\/grch.pro\/albioteste\/wp-content\/uploads\/2020\/12\/Jarvis-AUTOMAZIONE-jarvis.png\" \/><\/a><br \/>\n&nbsp;<br \/>\n<a id=\"no-link\" href=\"https:\/\/grch.pro\/albioteste\/projetos\/\" onmouseover=\"projetos()\" onmouseleave=\"silenciar()\"><img decoding=\"async\" class=\"alignright\" src=\"https:\/\/grch.pro\/albioteste\/wp-content\/uploads\/2020\/12\/Jarvis-PROGETTI-jarvis.png\" \/><\/a><br \/>\n&nbsp;<br \/>\n<a id=\"no-link\" href=\"https:\/\/grch.pro\/albioteste\/novidades\/\" onmouseover=\"novidades()\" onmouseleave=\"silenciar()\"><img decoding=\"async\" class=\"alignright\" src=\"https:\/\/grch.pro\/albioteste\/wp-content\/uploads\/2020\/12\/Jarvis-NOTIZIA-jarvis.png\" \/><\/a><br \/>\n&nbsp;<br \/>\n<a id=\"no-link\" href=\"https:\/\/grch.pro\/albioteste\/redes\/\" onmouseover=\"redes()\" onmouseleave=\"silenciar()\"><img decoding=\"async\" class=\"alignright\" src=\"https:\/\/grch.pro\/albioteste\/wp-content\/uploads\/2020\/12\/Jarvis-RETI-JARVIS-jarvis.png\" \/><\/a><br \/>\n&nbsp;<br \/>\n<a id=\"no-link\" href=\"https:\/\/industriaskripytoniano.com\/\" onmouseover=\"italia()\" onmouseleave=\"silenciar()\"><img decoding=\"async\" class=\"alignright\" src=\"https:\/\/grch.pro\/albioteste\/wp-content\/uploads\/2020\/12\/Jarvis-JARVIS-PT-BR-jarvis.png\" \/><\/a><br \/>\n&nbsp;<br \/>\n<a id=\"no-link\" href=\"https:\/\/grch.pro\/albioteste\/loja\/\" onmouseover=\"negozio()\" onmouseleave=\"silenciar()\"><img decoding=\"async\" class=\"alignright\" src=\"https:\/\/grch.pro\/albioteste\/wp-content\/uploads\/2021\/01\/Jarvis-negozio3-jarvis.png\" \/><\/a><\/p>\n<\/div><\/div><\/div><\/div><\/div>","protected":false},"excerpt":{"rendered":"<p>&nbsp; &nbsp; &nbsp; &nbsp; &nbsp; &nbsp; &nbsp; Downloads DJ. J.A.R.V.I.S. AM. Attualmente, il progetto DJ. J.A.R.V.I.S. AM., ha 3 versioni. 2 disponibili al pubblico e 1 il Jarvis I.O.T. riservata a installatori specializzati. Jarvis continua in evoluzione delle funzioni, cos\u00ec &hellip; <a href=\"https:\/\/grch.pro\/albioteste\/downloads\/\">Continua<\/a><\/p>\n","protected":false},"author":2,"featured_media":0,"parent":0,"menu_order":0,"comment_status":"closed","ping_status":"closed","template":"","meta":{"kt_blocks_editor_width":"","footnotes":""},"class_list":["post-134","page","type-page","status-publish","hentry"],"_links":{"self":[{"href":"https:\/\/grch.pro\/albioteste\/wp-json\/wp\/v2\/pages\/134","targetHints":{"allow":["GET"]}}],"collection":[{"href":"https:\/\/grch.pro\/albioteste\/wp-json\/wp\/v2\/pages"}],"about":[{"href":"https:\/\/grch.pro\/albioteste\/wp-json\/wp\/v2\/types\/page"}],"author":[{"embeddable":true,"href":"https:\/\/grch.pro\/albioteste\/wp-json\/wp\/v2\/users\/2"}],"replies":[{"embeddable":true,"href":"https:\/\/grch.pro\/albioteste\/wp-json\/wp\/v2\/comments?post=134"}],"version-history":[{"count":15,"href":"https:\/\/grch.pro\/albioteste\/wp-json\/wp\/v2\/pages\/134\/revisions"}],"predecessor-version":[{"id":2346,"href":"https:\/\/grch.pro\/albioteste\/wp-json\/wp\/v2\/pages\/134\/revisions\/2346"}],"wp:attachment":[{"href":"https:\/\/grch.pro\/albioteste\/wp-json\/wp\/v2\/media?parent=134"}],"curies":[{"name":"wp","href":"https:\/\/api.w.org\/{rel}","templated":true}]}}